{"id":42,"date":"2023-11-03T00:54:21","date_gmt":"2023-11-02T23:54:21","guid":{"rendered":"https:\/\/www.farineshop.it\/notizia\/?page_id=42"},"modified":"2023-11-03T00:54:21","modified_gmt":"2023-11-02T23:54:21","slug":"politica-sulla-riservatezza","status":"publish","type":"page","link":"http:\/\/www.farineshop.it\/notizia\/politica-sulla-riservatezza\/","title":{"rendered":"Politica sulla riservatezza"},"content":{"rendered":"<p>Su https:\/\/www.farineshop.it, poniamo grande enfasi sulla salvaguardia della privacy dei visitatori del nostro sito web.<\/p>\n<p>Quando visiti https:\/\/www.farineshop.it, riconosciamo l&#8217;importanza di proteggere la privacy dei tuoi dati personali. Di seguito troverai dettagli sui tipi di informazioni personali che raccogliamo e utilizziamo mentre navighi su https:\/\/www.farineshop.it, insieme ai passi che adottiamo per garantire la sicurezza dei tuoi dati. \u00c8 importante notare che non vendiamo mai le tue informazioni personali a terzi.<\/p>\n<p>File di registro<\/p>\n<p>Come molti altri siti web, raccogliamo e utilizziamo dati registrati nei file di registro. Questi file possono includere il tuo indirizzo IP, il provider di servizi Internet che utilizzi (come AOL o Shaw Cable), il browser web utilizzato durante la tua visita (come Internet Explorer o Firefox), l&#8217;orario della visita e le pagine web che accedi sul nostro sito.<\/p>\n<p>Cookies e Web Beacons<\/p>\n<p>Utilizziamo cookies per memorizzare informazioni, incluse le tue preferenze personali durante la tua visita al nostro sito. Questo pu\u00f2 includere impostazioni come visualizzare una finestra pop-up solo una volta durante la tua visita o concedere l&#8217;accesso a specifiche funzionalit\u00e0, come i forum.<\/p>\n<p>Inoltre, utilizziamo servizi pubblicitari di terze parti per supportare il nostro sito web. Alcuni di questi inserzionisti potrebbero utilizzare cookies e web beacons per presentare annunci quando navighi sul nostro sito. Questi inserzionisti, come Google attraverso il programma Google AdSense, possono raccogliere dati, incluso il tuo indirizzo IP, il tuo provider di servizi Internet, il browser utilizzato per accedere al nostro sito e, in alcuni casi, l&#8217;uso della tecnologia Flash. Ci\u00f2 \u00e8 fatto principalmente per scopi di targeting regionali (come mostrare annunci relativi a propriet\u00e0 a New York a visitatori che navigano su siti non correlati, come siti di hockey) o per mostrare annunci basati sulle tue visite precedenti a siti web (ad esempio, mostrare annunci relativi al cibo a visitatori che hanno precedentemente navigato siti legati al cibo).<\/p>\n<p>Cookies DoubleClick DART<\/p>\n<p>Potremmo utilizzare i cookies DoubleClick DART per presentare annunci tramite Google DoubleClick. Questi cookies vengono impostati sul tuo computer quando visiti siti web che mostrano annunci DoubleClick, compresi alcuni annunci Google AdSense. Questi cookies vengono utilizzati per personalizzare gli annunci in base ai tuoi interessi (noti come &#8220;categorie di interesse&#8221;) e selezionare annunci basati sulla tua cronologia di navigazione (ad es., se hai visitato precedentemente un sito relativo a Las Vegas, potresti vedere un annuncio di un hotel di Las Vegas visitando un sito non correlato, come un sito di hockey). DART utilizza informazioni che non possono identificarti e non traccia o divulga informazioni personali su di te, come nome, indirizzo email, indirizzo fisico, numero di previdenza sociale, numeri di conto bancario o numeri di carta di credito.<\/p>\n<p>Puoi scegliere di disabilitare i nostri cookies o i cookies di terze parti modificando le impostazioni del tuo browser o gestendo le impostazioni in programmi come Norton Internet Security. Tuttavia, intraprendere tali azioni potrebbe influenzare la tua capacit\u00e0 di interagire con il nostro sito e altri siti web, cos\u00ec come la tua capacit\u00e0 di accedere a specifici servizi o programmi, come accedere a un forum o a un account.<\/p>\n<p>Eliminare i cookies non significa che sei permanentemente escluso da qualsiasi programma pubblicitario. Inoltre, se configuri le tue impostazioni per bloccare l&#8217;uso dei cookies quando visiti siti pubblicitari, verranno comunque piazzati nuovi cookies sul tuo computer.<\/p>\n","protected":false},"excerpt":{"rendered":"<p>Su https:\/\/www.farineshop.it, poniamo grande enfasi sulla salvaguardia della privacy dei visitatori del nostro sito web. Quando visiti https:\/\/www.farineshop.it, riconosciamo l&#8217;importanza<\/p>\n","protected":false},"author":1,"featured_media":0,"parent":0,"menu_order":0,"comment_status":"closed","ping_status":"closed","template":"","meta":{"footnotes":""},"yoast_head":"<!-- This site is optimized with the Yoast SEO plugin v21.5 - https:\/\/yoast.com\/wordpress\/plugins\/seo\/ -->\n<title>Politica sulla riservatezza - Farine Shop<\/title>\n<meta name=\"robots\" content=\"index, follow, max-snippet:-1, max-image-preview:large, max-video-preview:-1\" \/>\n<link rel=\"canonical\" href=\"http:\/\/www.farineshop.it\/notizia\/politica-sulla-riservatezza\/\" \/>\n<meta property=\"og:locale\" content=\"it_IT\" \/>\n<meta property=\"og:type\" content=\"article\" \/>\n<meta property=\"og:title\" content=\"Politica sulla riservatezza - Farine Shop\" \/>\n<meta property=\"og:description\" content=\"Su https:\/\/www.farineshop.it, poniamo grande enfasi sulla salvaguardia della privacy dei visitatori del nostro sito web. Quando visiti https:\/\/www.farineshop.it, riconosciamo l&#8217;importanza\" \/>\n<meta property=\"og:url\" content=\"http:\/\/www.farineshop.it\/notizia\/politica-sulla-riservatezza\/\" \/>\n<meta property=\"og:site_name\" content=\"Farine Shop\" \/>\n<meta name=\"twitter:card\" content=\"summary_large_image\" \/>\n<meta name=\"twitter:label1\" content=\"Tempo di lettura stimato\" \/>\n\t<meta name=\"twitter:data1\" content=\"3 minuti\" \/>\n<script type=\"application\/ld+json\" class=\"yoast-schema-graph\">{\"@context\":\"https:\/\/schema.org\",\"@graph\":[{\"@type\":\"WebPage\",\"@id\":\"http:\/\/www.farineshop.it\/notizia\/politica-sulla-riservatezza\/\",\"url\":\"http:\/\/www.farineshop.it\/notizia\/politica-sulla-riservatezza\/\",\"name\":\"Politica sulla riservatezza - Farine Shop\",\"isPartOf\":{\"@id\":\"https:\/\/www.farineshop.it\/notizia\/#website\"},\"datePublished\":\"2023-11-02T23:54:21+00:00\",\"dateModified\":\"2023-11-02T23:54:21+00:00\",\"breadcrumb\":{\"@id\":\"http:\/\/www.farineshop.it\/notizia\/politica-sulla-riservatezza\/#breadcrumb\"},\"inLanguage\":\"it-IT\",\"potentialAction\":[{\"@type\":\"ReadAction\",\"target\":[\"http:\/\/www.farineshop.it\/notizia\/politica-sulla-riservatezza\/\"]}]},{\"@type\":\"BreadcrumbList\",\"@id\":\"http:\/\/www.farineshop.it\/notizia\/politica-sulla-riservatezza\/#breadcrumb\",\"itemListElement\":[{\"@type\":\"ListItem\",\"position\":1,\"name\":\"Home\",\"item\":\"https:\/\/www.farineshop.it\/notizia\/\"},{\"@type\":\"ListItem\",\"position\":2,\"name\":\"Politica sulla riservatezza\"}]},{\"@type\":\"WebSite\",\"@id\":\"https:\/\/www.farineshop.it\/notizia\/#website\",\"url\":\"https:\/\/www.farineshop.it\/notizia\/\",\"name\":\"Farine Shop\",\"description\":\" Notizia\",\"potentialAction\":[{\"@type\":\"SearchAction\",\"target\":{\"@type\":\"EntryPoint\",\"urlTemplate\":\"https:\/\/www.farineshop.it\/notizia\/?s={search_term_string}\"},\"query-input\":\"required name=search_term_string\"}],\"inLanguage\":\"it-IT\"}]}<\/script>\n<!-- \/ Yoast SEO plugin. -->","yoast_head_json":{"title":"Politica sulla riservatezza - Farine Shop","robots":{"index":"index","follow":"follow","max-snippet":"max-snippet:-1","max-image-preview":"max-image-preview:large","max-video-preview":"max-video-preview:-1"},"canonical":"http:\/\/www.farineshop.it\/notizia\/politica-sulla-riservatezza\/","og_locale":"it_IT","og_type":"article","og_title":"Politica sulla riservatezza - Farine Shop","og_description":"Su https:\/\/www.farineshop.it, poniamo grande enfasi sulla salvaguardia della privacy dei visitatori del nostro sito web. Quando visiti https:\/\/www.farineshop.it, riconosciamo l&#8217;importanza","og_url":"http:\/\/www.farineshop.it\/notizia\/politica-sulla-riservatezza\/","og_site_name":"Farine Shop","twitter_card":"summary_large_image","twitter_misc":{"Tempo di lettura stimato":"3 minuti"},"schema":{"@context":"https:\/\/schema.org","@graph":[{"@type":"WebPage","@id":"http:\/\/www.farineshop.it\/notizia\/politica-sulla-riservatezza\/","url":"http:\/\/www.farineshop.it\/notizia\/politica-sulla-riservatezza\/","name":"Politica sulla riservatezza - Farine Shop","isPartOf":{"@id":"https:\/\/www.farineshop.it\/notizia\/#website"},"datePublished":"2023-11-02T23:54:21+00:00","dateModified":"2023-11-02T23:54:21+00:00","breadcrumb":{"@id":"http:\/\/www.farineshop.it\/notizia\/politica-sulla-riservatezza\/#breadcrumb"},"inLanguage":"it-IT","potentialAction":[{"@type":"ReadAction","target":["http:\/\/www.farineshop.it\/notizia\/politica-sulla-riservatezza\/"]}]},{"@type":"BreadcrumbList","@id":"http:\/\/www.farineshop.it\/notizia\/politica-sulla-riservatezza\/#breadcrumb","itemListElement":[{"@type":"ListItem","position":1,"name":"Home","item":"https:\/\/www.farineshop.it\/notizia\/"},{"@type":"ListItem","position":2,"name":"Politica sulla riservatezza"}]},{"@type":"WebSite","@id":"https:\/\/www.farineshop.it\/notizia\/#website","url":"https:\/\/www.farineshop.it\/notizia\/","name":"Farine Shop","description":" Notizia","potentialAction":[{"@type":"SearchAction","target":{"@type":"EntryPoint","urlTemplate":"https:\/\/www.farineshop.it\/notizia\/?s={search_term_string}"},"query-input":"required name=search_term_string"}],"inLanguage":"it-IT"}]}},"_links":{"self":[{"href":"https:\/\/www.farineshop.it\/notizia\/wp-json\/wp\/v2\/pages\/42"}],"collection":[{"href":"https:\/\/www.farineshop.it\/notizia\/wp-json\/wp\/v2\/pages"}],"about":[{"href":"https:\/\/www.farineshop.it\/notizia\/wp-json\/wp\/v2\/types\/page"}],"author":[{"embeddable":true,"href":"https:\/\/www.farineshop.it\/notizia\/wp-json\/wp\/v2\/users\/1"}],"replies":[{"embeddable":true,"href":"https:\/\/www.farineshop.it\/notizia\/wp-json\/wp\/v2\/comments?post=42"}],"version-history":[{"count":1,"href":"https:\/\/www.farineshop.it\/notizia\/wp-json\/wp\/v2\/pages\/42\/revisions"}],"predecessor-version":[{"id":43,"href":"https:\/\/www.farineshop.it\/notizia\/wp-json\/wp\/v2\/pages\/42\/revisions\/43"}],"wp:attachment":[{"href":"https:\/\/www.farineshop.it\/notizia\/wp-json\/wp\/v2\/media?parent=42"}],"curies":[{"name":"wp","href":"https:\/\/api.w.org\/{rel}","templated":true}]}}