{"id":44,"date":"2023-11-03T01:11:22","date_gmt":"2023-11-03T00:11:22","guid":{"rendered":"https:\/\/www.farineshop.it\/notizia\/?page_id=44"},"modified":"2023-11-03T01:11:22","modified_gmt":"2023-11-03T00:11:22","slug":"termini-di-utilizzo","status":"publish","type":"page","link":"http:\/\/www.farineshop.it\/notizia\/termini-di-utilizzo\/","title":{"rendered":"Termini di utilizzo"},"content":{"rendered":"<p>Per favore, esamina attentamente i dettagli prima di utilizzare questo servizio.<\/p>\n<p>L&#8217;accesso e l&#8217;utilizzo di questo servizio dipendono dalla tua accettazione e conformit\u00e0 a questi termini. Questi termini sono applicabili a tutti i visitatori, gli utenti e chiunque acceda o utilizzi questo servizio.<\/p>\n<p>Accedendo o utilizzando questo servizio, accetti di attenerti a questi termini. Se non sei d&#8217;accordo con un qualsiasi aspetto di questi termini, ti consigliamo di cessare immediatamente l&#8217;accesso a questo servizio.<\/p>\n<p>Diritti di Propriet\u00e0<\/p>\n<p>Il servizio e il suo contenuto originale sono propriet\u00e0 intellettuale di https:\/\/www.farineshop.it\u00a0e del titolare concesso in licenza di questo servizio. Questo servizio \u00e8 protetto da diritti d&#8217;autore, diritti di marchio registrato e altre disposizioni legali in Irlanda e in vari altri paesi. L&#8217;uso dei nostri diritti e loghi non \u00e8 permesso senza il consenso di https:\/\/www.farineshop.it.<\/p>\n<p>Collegamenti a Siti Web Esterni<\/p>\n<p>Il nostro servizio potrebbe presentare collegamenti a siti web o servizi di terze parti che non sono di propriet\u00e0 o controllati da https:\/\/www.farineshop.it.<\/p>\n<p>https:\/\/www.farineshop.it\u00a0non ha controllo sul contenuto, sulle politiche sulla privacy o sulle pratiche di questi siti web o servizi di terze parti. Riconosci e accetti che https:\/\/www.farineshop.it\u00a0non sar\u00e0 ritenuto direttamente o indirettamente responsabile o obbligato per alcun danno o perdita rivendicati o correlati al contenuto, ai prodotti o ai servizi offerti attraverso questi siti web o servizi.<\/p>\n<p>Ti consigliamo vivamente di esaminare i termini e le politiche sulla privacy dei siti web o servizi di terze parti che visiti.<\/p>\n<p>Terminazione<\/p>\n<p>Ci riserviamo il diritto di terminare o sospendere immediatamente l&#8217;accesso al servizio, senza preavviso o responsabilit\u00e0, per qualsiasi motivo, incluso, ma non limitato, alla tua violazione dei termini.<\/p>\n<p>Dopo la terminazione, devi cessare di utilizzare questo servizio prontamente.<\/p>\n<p>Limitazione di Responsabilit\u00e0<\/p>\n<p>In nessun caso https:\/\/www.farineshop.it, compresi i suoi dirigenti, dipendenti, partner, agenti, affiliati o licenzianti, sar\u00e0 responsabile per eventuali danni indiretti, incidentali, speciali o consequenziali, compresa la perdita di profitti, dati o uso, sostenuti da te o da terzi, sia basati su una rivendicazione contrattuale, torto (compresa la negligenza) o altro, anche se informato della possibilit\u00e0 di tali danni.<\/p>\n<p>https:\/\/www.farineshop.it\u00a0e i suoi partner commerciali, dipendenti, agenti o licenzianti non garantiscono che (a) il servizio funzioner\u00e0 senza interruzioni, sar\u00e0 sicuro o disponibile in tutti i tempi o luoghi; (b) eventuali errori o difetti verranno rettificati; (c) il servizio \u00e8 privo di virus o componenti dannosi; o (d) i risultati dell&#8217;utilizzo del servizio soddisferanno le tue esigenze.<\/p>\n","protected":false},"excerpt":{"rendered":"<p>Per favore, esamina attentamente i dettagli prima di utilizzare questo servizio. L&#8217;accesso e l&#8217;utilizzo di questo servizio dipendono dalla tua<\/p>\n","protected":false},"author":1,"featured_media":0,"parent":0,"menu_order":0,"comment_status":"closed","ping_status":"closed","template":"","meta":{"footnotes":""},"yoast_head":"<!-- This site is optimized with the Yoast SEO plugin v21.5 - https:\/\/yoast.com\/wordpress\/plugins\/seo\/ -->\n<title>Termini di utilizzo - Farine Shop<\/title>\n<meta name=\"robots\" content=\"index, follow, max-snippet:-1, max-image-preview:large, max-video-preview:-1\" \/>\n<link rel=\"canonical\" href=\"http:\/\/www.farineshop.it\/notizia\/termini-di-utilizzo\/\" \/>\n<meta property=\"og:locale\" content=\"it_IT\" \/>\n<meta property=\"og:type\" content=\"article\" \/>\n<meta property=\"og:title\" content=\"Termini di utilizzo - Farine Shop\" \/>\n<meta property=\"og:description\" content=\"Per favore, esamina attentamente i dettagli prima di utilizzare questo servizio. L&#8217;accesso e l&#8217;utilizzo di questo servizio dipendono dalla tua\" \/>\n<meta property=\"og:url\" content=\"http:\/\/www.farineshop.it\/notizia\/termini-di-utilizzo\/\" \/>\n<meta property=\"og:site_name\" content=\"Farine Shop\" \/>\n<meta name=\"twitter:card\" content=\"summary_large_image\" \/>\n<meta name=\"twitter:label1\" content=\"Tempo di lettura stimato\" \/>\n\t<meta name=\"twitter:data1\" content=\"3 minuti\" \/>\n<script type=\"application\/ld+json\" class=\"yoast-schema-graph\">{\"@context\":\"https:\/\/schema.org\",\"@graph\":[{\"@type\":\"WebPage\",\"@id\":\"http:\/\/www.farineshop.it\/notizia\/termini-di-utilizzo\/\",\"url\":\"http:\/\/www.farineshop.it\/notizia\/termini-di-utilizzo\/\",\"name\":\"Termini di utilizzo - Farine Shop\",\"isPartOf\":{\"@id\":\"https:\/\/www.farineshop.it\/notizia\/#website\"},\"datePublished\":\"2023-11-03T00:11:22+00:00\",\"dateModified\":\"2023-11-03T00:11:22+00:00\",\"breadcrumb\":{\"@id\":\"http:\/\/www.farineshop.it\/notizia\/termini-di-utilizzo\/#breadcrumb\"},\"inLanguage\":\"it-IT\",\"potentialAction\":[{\"@type\":\"ReadAction\",\"target\":[\"http:\/\/www.farineshop.it\/notizia\/termini-di-utilizzo\/\"]}]},{\"@type\":\"BreadcrumbList\",\"@id\":\"http:\/\/www.farineshop.it\/notizia\/termini-di-utilizzo\/#breadcrumb\",\"itemListElement\":[{\"@type\":\"ListItem\",\"position\":1,\"name\":\"Home\",\"item\":\"https:\/\/www.farineshop.it\/notizia\/\"},{\"@type\":\"ListItem\",\"position\":2,\"name\":\"Termini di utilizzo\"}]},{\"@type\":\"WebSite\",\"@id\":\"https:\/\/www.farineshop.it\/notizia\/#website\",\"url\":\"https:\/\/www.farineshop.it\/notizia\/\",\"name\":\"Farine Shop\",\"description\":\" Notizia\",\"potentialAction\":[{\"@type\":\"SearchAction\",\"target\":{\"@type\":\"EntryPoint\",\"urlTemplate\":\"https:\/\/www.farineshop.it\/notizia\/?s={search_term_string}\"},\"query-input\":\"required name=search_term_string\"}],\"inLanguage\":\"it-IT\"}]}<\/script>\n<!-- \/ Yoast SEO plugin. -->","yoast_head_json":{"title":"Termini di utilizzo - Farine Shop","robots":{"index":"index","follow":"follow","max-snippet":"max-snippet:-1","max-image-preview":"max-image-preview:large","max-video-preview":"max-video-preview:-1"},"canonical":"http:\/\/www.farineshop.it\/notizia\/termini-di-utilizzo\/","og_locale":"it_IT","og_type":"article","og_title":"Termini di utilizzo - Farine Shop","og_description":"Per favore, esamina attentamente i dettagli prima di utilizzare questo servizio. L&#8217;accesso e l&#8217;utilizzo di questo servizio dipendono dalla tua","og_url":"http:\/\/www.farineshop.it\/notizia\/termini-di-utilizzo\/","og_site_name":"Farine Shop","twitter_card":"summary_large_image","twitter_misc":{"Tempo di lettura stimato":"3 minuti"},"schema":{"@context":"https:\/\/schema.org","@graph":[{"@type":"WebPage","@id":"http:\/\/www.farineshop.it\/notizia\/termini-di-utilizzo\/","url":"http:\/\/www.farineshop.it\/notizia\/termini-di-utilizzo\/","name":"Termini di utilizzo - Farine Shop","isPartOf":{"@id":"https:\/\/www.farineshop.it\/notizia\/#website"},"datePublished":"2023-11-03T00:11:22+00:00","dateModified":"2023-11-03T00:11:22+00:00","breadcrumb":{"@id":"http:\/\/www.farineshop.it\/notizia\/termini-di-utilizzo\/#breadcrumb"},"inLanguage":"it-IT","potentialAction":[{"@type":"ReadAction","target":["http:\/\/www.farineshop.it\/notizia\/termini-di-utilizzo\/"]}]},{"@type":"BreadcrumbList","@id":"http:\/\/www.farineshop.it\/notizia\/termini-di-utilizzo\/#breadcrumb","itemListElement":[{"@type":"ListItem","position":1,"name":"Home","item":"https:\/\/www.farineshop.it\/notizia\/"},{"@type":"ListItem","position":2,"name":"Termini di utilizzo"}]},{"@type":"WebSite","@id":"https:\/\/www.farineshop.it\/notizia\/#website","url":"https:\/\/www.farineshop.it\/notizia\/","name":"Farine Shop","description":" Notizia","potentialAction":[{"@type":"SearchAction","target":{"@type":"EntryPoint","urlTemplate":"https:\/\/www.farineshop.it\/notizia\/?s={search_term_string}"},"query-input":"required name=search_term_string"}],"inLanguage":"it-IT"}]}},"_links":{"self":[{"href":"https:\/\/www.farineshop.it\/notizia\/wp-json\/wp\/v2\/pages\/44"}],"collection":[{"href":"https:\/\/www.farineshop.it\/notizia\/wp-json\/wp\/v2\/pages"}],"about":[{"href":"https:\/\/www.farineshop.it\/notizia\/wp-json\/wp\/v2\/types\/page"}],"author":[{"embeddable":true,"href":"https:\/\/www.farineshop.it\/notizia\/wp-json\/wp\/v2\/users\/1"}],"replies":[{"embeddable":true,"href":"https:\/\/www.farineshop.it\/notizia\/wp-json\/wp\/v2\/comments?post=44"}],"version-history":[{"count":1,"href":"https:\/\/www.farineshop.it\/notizia\/wp-json\/wp\/v2\/pages\/44\/revisions"}],"predecessor-version":[{"id":45,"href":"https:\/\/www.farineshop.it\/notizia\/wp-json\/wp\/v2\/pages\/44\/revisions\/45"}],"wp:attachment":[{"href":"https:\/\/www.farineshop.it\/notizia\/wp-json\/wp\/v2\/media?parent=44"}],"curies":[{"name":"wp","href":"https:\/\/api.w.org\/{rel}","templated":true}]}}